{"id":257135,"date":"2024-06-19T07:26:44","date_gmt":"2024-06-19T07:26:44","guid":{"rendered":"https:\/\/ingenieros.en-desarrollo.net\/our-history\/"},"modified":"2024-10-04T11:13:35","modified_gmt":"2024-10-04T11:13:35","slug":"nuestra-historia","status":"publish","type":"page","link":"https:\/\/www.ctengineeringgroup.com\/es\/nuestra-historia\/","title":{"rendered":"Nuestra Historia"},"content":{"rendered":"<p>[et_pb_section fb_built=\u00bb1&#8243; _builder_version=\u00bb4.25.1&#8243; _module_preset=\u00bbdefault\u00bb da_disable_devices=\u00bboff|off|off\u00bb global_colors_info=\u00bb{}\u00bb da_is_popup=\u00bboff\u00bb da_exit_intent=\u00bboff\u00bb da_has_close=\u00bbon\u00bb da_alt_close=\u00bboff\u00bb da_dark_close=\u00bboff\u00bb da_not_modal=\u00bbon\u00bb da_is_singular=\u00bboff\u00bb da_with_loader=\u00bboff\u00bb da_has_shadow=\u00bbon\u00bb][et_pb_row _builder_version=\u00bb4.25.1&#8243; _module_preset=\u00bbdefault\u00bb global_colors_info=\u00bb{}\u00bb][et_pb_column type=\u00bb4_4&#8243; _builder_version=\u00bb4.25.1&#8243; _module_preset=\u00bbdefault\u00bb global_colors_info=\u00bb{}\u00bb][et_pb_text _builder_version=\u00bb4.26.1&#8243; _module_preset=\u00bbdefault\u00bb hover_enabled=\u00bb0&#8243; global_colors_info=\u00bb{}\u00bb sticky_enabled=\u00bb0&#8243;]<\/p>\n<h1 style=\"text-align: center; color: #01426a; font-size: 64px;\">Nuestra Historia<\/h1>\n<p>[\/et_pb_text][\/et_pb_column][\/et_pb_row][et_pb_row _builder_version=\u00bb4.25.1&#8243; _module_preset=\u00bbdefault\u00bb global_colors_info=\u00bb{}\u00bb][et_pb_column type=\u00bb4_4&#8243; _builder_version=\u00bb4.25.1&#8243; _module_preset=\u00bbdefault\u00bb global_colors_info=\u00bb{}\u00bb][et_pb_text _builder_version=\u00bb4.26.1&#8243; _module_preset=\u00bbdefault\u00bb hover_enabled=\u00bb0&#8243; global_colors_info=\u00bb{}\u00bb sticky_enabled=\u00bb0&#8243;]<\/p>\n<p>En<strong> 1988<\/strong>, despu\u00e9s de trabajar durante los 11 a\u00f1os anteriores en los Estados Unidos y en Alemania, Jes\u00fas Prieto decidi\u00f3 embarcarse en un camino completamente diferente para su carrera. Decidi\u00f3 abandonar la multinacional norteamericana para la que hab\u00eda estado trabajando durante los \u00faltimos nueve a\u00f1os en Alemania, renunciando a los beneficios y estilo de vida que disfrutaba como expatriado, adem\u00e1s de a un magn\u00edfico sueldo alem\u00e1n, para enfocarse en la creaci\u00f3n de su propia empresa.<\/p>\n<\/p>\n<p>Sin darse cuenta de ello, Jes\u00fas Prieto se hab\u00eda estado preparando largos a\u00f1os para este momento. Tras terminar su Certificaci\u00f3n Profesional en Mec\u00e1nica, en Sevilla, y sus estudios de grado en Ingenier\u00eda Industrial en Madrid, continu\u00f3 su formaci\u00f3n gradu\u00e1ndose con un MSBA en el Metropolitan College de la universidad de Boston, en su campus ubicado en Alemania. All\u00ed fue donde empez\u00f3 a desarrollar un inter\u00e9s en el negocio, pensando en las oportunidades que podr\u00edan estar disponibles en el mercado espa\u00f1ol.<\/p>\n<\/p>\n<p>En esos tiempos, Espa\u00f1a estaba manifest\u00e1ndose m\u00e1s pr\u00f3spera gracias a la llegada de empresas europeas de una gran variedad de sectores, incluida la industria del autom\u00f3vil. Ello, combinado con el hecho de que hab\u00eda muy pocas empresas especializadas en el \u00e1rea de los sistemas de dise\u00f1o de ingenier\u00eda, determinaron que Jes\u00fas pudiera ocupar este nicho de mercado combinando su car\u00e1cter emprendedor, la tecnolog\u00eda y la oportunidad del mercado.<\/p>\n<\/p>\n<p>En septiembre de 1988 fund\u00f3 <strong>CADTECH <\/strong>y desde el primer d\u00eda la empresa empez\u00f3 a ir en una direcci\u00f3n que la diferenci\u00f3 del resto de empresas. La implicaci\u00f3n, el compromiso y la dedicaci\u00f3n al servicio ayudaron a que la empresa creciera r\u00e1pidamente, convirti\u00e9ndose enseguida en un proveedor l\u00edder para alguna de las firmas industriales m\u00e1s importantes en el pa\u00eds.<\/p>\n<\/p>\n<p>Jes\u00fas cre\u00f3 a su alrededor un equipo de profesionales con gran dedicaci\u00f3n, los cuales compart\u00edan los mismos valores que la empresa, y la pasi\u00f3n de estos por la ingenier\u00eda y la tecnolog\u00eda aseguraron el crecimiento de una s\u00f3lida relaci\u00f3n. Los resultados de todo ello pueden apreciarse por el hecho de que <strong>Joan Font y Vicente Egea<\/strong> pasaron a ser socios, despu\u00e9s de haber estado un tiempo trabajando como empleados de la empresa.<\/p>\n<\/p>\n<p>Cadtech disfrut\u00f3 de un crecimiento sostenido, tanto en t\u00e9rminos de facturaci\u00f3n como en su expansi\u00f3n geogr\u00e1fica. Se establecieron nuevos centros en toda Espa\u00f1a, respetando la estrategia de la empresa de situarse cerca de sus clientes a fin de prestarles el mejor servicio posible. Por otra parte, se cre\u00f3 un esp\u00edritu federal, en el que el conocimiento de la cultura local permiti\u00f3 adaptar los servicios a las necesidades de cada cliente en cada \u00e1rea geogr\u00e1fica. La centralizaci\u00f3n de actividades fue limitada dr\u00e1sticamente, gravitando la toma de decisiones en las personas que proporcionaban el servicio, esto es: en aquellos que estaban en contacto directo con el cliente. Ellos eran los que tomaban las decisiones. El poder fue delegado y descentralizado.<\/p>\n<\/p>\n<p>La empresa encontr\u00f3 enseguida m\u00e1s nichos de mercado a los que expandirse y empez\u00f3 a explorar otras \u00e1reas tecnol\u00f3gicas, incluidas las de comunicaci\u00f3n de datos, integraci\u00f3n de sistemas e ingenier\u00eda. Estas actividades se cultivaron dentro de Cadtech con el resultado de que las m\u00e1s prometedoras fueron establecidas como empresas segregadas. Se les dio su propia estructura de direcci\u00f3n, cuenta de resultados y financiaci\u00f3n propios, despegando gracias al esp\u00edritu emprendedor de las personas en la organizaci\u00f3n.<\/p>\n<\/p>\n<p><strong>Cadtech Ingenieros <\/strong>naci\u00f3 de esto, y pronto se dio a conocer como <strong>CT Ingenieros<\/strong>, una empresa que pas\u00f3 a ser el paraguas de una gran variedad de actividades de desarrollo y proyectos de ingenier\u00eda. Despu\u00e9s de varios a\u00f1os trabajando con oficinas t\u00e9cnicas a lo largo y ancho del pa\u00eds, entraron m\u00e1s y m\u00e1s proyectos, multiplic\u00e1ndose el n\u00famero de clientes que solicitaban sus servicios. La empresa empez\u00f3 a contratar externamente<strong> proyectos de ingenier\u00eda<\/strong> y experiment\u00f3 un importante crecimiento en un breve espacio de tiempo.<\/p>\n<\/p>\n<p>Primero fue el sector del autom\u00f3vil, en el que Cadtech ten\u00eda una gran base de clientes que ya conoc\u00edan la habilidad de la empresa. A continuaci\u00f3n lleg\u00f3 la industria de la aviaci\u00f3n, dando lugar a un incre\u00edble crecimiento. Durante los siguientes a\u00f1os llegaron los sectores naval y de ferrocarriles y, finalmente, la empresa se diversific\u00f3 en los campos del petr\u00f3leo, gas y energ\u00eda renovable.<\/p>\n<\/p>\n<p>En solo unos pocos a\u00f1os, CT Ingenieros pas\u00f3 a ser la mayor empresa de Espa\u00f1a en <strong>ingenier\u00eda mec\u00e1nica<\/strong>, con varios cientos de ingenieros trabajando en los proyectos m\u00e1s recientes. CT Ingenieros consolid\u00f3 su posici\u00f3n en el mercado, disfrutando de una s\u00f3lida reputaci\u00f3n entre los clientes. La empresa tambi\u00e9n empez\u00f3 a conocerse en las m\u00e1s importantes universidades del pa\u00eds, como un lugar en el que la gente importaba y en donde los beneficios a largo plazo prevalec\u00edan respecto las ganancias a corto plazo. La tasa de rotaci\u00f3n de personal lo confirmaba cada a\u00f1o, y el ambiente de trabajo fue valorado consistentemente por sus empleados. En 2003 la empresa fue nominada por <strong>\u00abGreat Place to Work\u00bb<\/strong> como una de las mejores empresas para trabajar en Espa\u00f1a.<\/p>\n<\/p>\n<p>En 2008, el grupo CT Ingenieros fue elegido por el Grupo EADS, l\u00edder europeo en aeron\u00e1utica, espacio y defensa, como su socio preferido (E2S) en ingenier\u00eda. Aquel hito puso a la empresa en el mapa mundial. Se abrieron nuevas <strong>oficinas en Francia, Alemania, Reino Unido, Brasil e India,<\/strong> y comenz\u00f3 el proceso de expansi\u00f3n internacional. Se hicieron varias adquisiciones de empresas de ingenier\u00eda locales, facilit\u00e1ndoles recursos financieros y sistemas para la gesti\u00f3n de proyectos, de forma que pudieran atender al crecimiento en sectores de nuevas tecnolog\u00edas.<\/p>\n<\/p>\n<p>Aqu\u00ed es donde encontramos al CT Ingenieros de hoy, desarrollando proyectos en tres continentes, y trabajando con empresas industriales l\u00edderes en los sectores aeroespacial, automoci\u00f3n, ferrocarriles, naval, centrales de energ\u00eda y plantas industriales. La recogida de los frutos del conocimiento tecnol\u00f3gico adquirido ha permitido a CT participar en la superaci\u00f3n de los mayores retos industriales de los a\u00f1os m\u00e1s recientes.<\/p>\n<\/p>\n<p>Unidos por una pasi\u00f3n por la tecnolog\u00eda y un profundo compromiso en el servicio al cliente, el grupo CT Ingenieros celebr\u00f3 en 2013 su 25 cumplea\u00f1os. Quiz\u00e1 por tratarse de una empresa de ingenier\u00eda dirigida por ingenieros, su \u00e1nimo ha sido el crear una empresa en la que todos los ingenieros quieren trabajar. Y eso es precisamente lo que los clientes aprecian: fiabilidad t\u00e9cnica, coherencia y profesionalismo.<\/p>\n<\/p>\n<p>[\/et_pb_text][\/et_pb_column][\/et_pb_row][\/et_pb_section]<\/p>\n","protected":false},"excerpt":{"rendered":"<p>Nuestra Historia En 1988, despu\u00e9s de trabajar durante los 11 a\u00f1os anteriores en los Estados Unidos y en Alemania, Jes\u00fas Prieto decidi\u00f3 embarcarse en un camino completamente diferente para su carrera. Decidi\u00f3 abandonar la multinacional norteamericana para la que hab\u00eda estado trabajando durante los \u00faltimos nueve a\u00f1os en Alemania, renunciando a los beneficios y estilo de vida que disfrutaba como expatriado, adem\u00e1s de a un magn\u00edfico sueldo alem\u00e1n, para enfocarse en la creaci\u00f3n de su propia empresa. Sin darse cuenta de ello, Jes\u00fas Prieto se hab\u00eda estado preparando largos a\u00f1os para este momento. Tras terminar su Certificaci\u00f3n Profesional en Mec\u00e1nica, en Sevilla, y sus estudios de grado en Ingenier\u00eda Industrial en Madrid, continu\u00f3 su formaci\u00f3n gradu\u00e1ndose con un MSBA en el Metropolitan College de la universidad de Boston, en su campus ubicado en Alemania. All\u00ed fue donde empez\u00f3 a desarrollar un inter\u00e9s en el negocio, pensando en las oportunidades que podr\u00edan estar disponibles en el mercado espa\u00f1ol. En esos tiempos, Espa\u00f1a estaba manifest\u00e1ndose m\u00e1s pr\u00f3spera gracias a la llegada de empresas europeas de una gran variedad de sectores, incluida la industria del autom\u00f3vil. Ello, combinado con el hecho de que hab\u00eda muy pocas empresas especializadas en el \u00e1rea de los [&hellip;]<\/p>\n","protected":false},"author":1,"featured_media":0,"parent":0,"menu_order":0,"comment_status":"closed","ping_status":"closed","template":"","meta":{"_et_pb_use_builder":"on","_et_pb_old_content":"","_et_gb_content_width":"","footnotes":""},"class_list":["post-257135","page","type-page","status-publish","hentry"],"yoast_head":"<!-- This site is optimized with the Yoast SEO plugin v27.4 - https:\/\/yoast.com\/product\/yoast-seo-wordpress\/ -->\n<title>Nuestra Historia - The CT Engineering Group<\/title>\n<meta name=\"robots\" content=\"index, follow, max-snippet:-1, max-image-preview:large, max-video-preview:-1\" \/>\n<link rel=\"canonical\" href=\"https:\/\/www.ctengineeringgroup.com\/our-history\/\" \/>\n<meta property=\"og:locale\" content=\"es_ES\" \/>\n<meta property=\"og:type\" content=\"article\" \/>\n<meta property=\"og:title\" content=\"Nuestra Historia - The CT Engineering Group\" \/>\n<meta property=\"og:description\" content=\"Nuestra Historia En 1988, despu\u00e9s de trabajar durante los 11 a\u00f1os anteriores en los Estados Unidos y en Alemania, Jes\u00fas Prieto decidi\u00f3 embarcarse en un camino completamente diferente para su carrera. Decidi\u00f3 abandonar la multinacional norteamericana para la que hab\u00eda estado trabajando durante los \u00faltimos nueve a\u00f1os en Alemania, renunciando a los beneficios y estilo de vida que disfrutaba como expatriado, adem\u00e1s de a un magn\u00edfico sueldo alem\u00e1n, para enfocarse en la creaci\u00f3n de su propia empresa. Sin darse cuenta de ello, Jes\u00fas Prieto se hab\u00eda estado preparando largos a\u00f1os para este momento. Tras terminar su Certificaci\u00f3n Profesional en Mec\u00e1nica, en Sevilla, y sus estudios de grado en Ingenier\u00eda Industrial en Madrid, continu\u00f3 su formaci\u00f3n gradu\u00e1ndose con un MSBA en el Metropolitan College de la universidad de Boston, en su campus ubicado en Alemania. All\u00ed fue donde empez\u00f3 a desarrollar un inter\u00e9s en el negocio, pensando en las oportunidades que podr\u00edan estar disponibles en el mercado espa\u00f1ol. En esos tiempos, Espa\u00f1a estaba manifest\u00e1ndose m\u00e1s pr\u00f3spera gracias a la llegada de empresas europeas de una gran variedad de sectores, incluida la industria del autom\u00f3vil. Ello, combinado con el hecho de que hab\u00eda muy pocas empresas especializadas en el \u00e1rea de los [&hellip;]\" \/>\n<meta property=\"og:url\" content=\"https:\/\/www.ctengineeringgroup.com\/our-history\/\" \/>\n<meta property=\"og:site_name\" content=\"The CT Engineering Group\" \/>\n<meta property=\"article:modified_time\" content=\"2024-10-04T11:13:35+00:00\" \/>\n<meta name=\"twitter:card\" content=\"summary_large_image\" \/>\n<meta name=\"twitter:label1\" content=\"Tiempo de lectura\" \/>\n\t<meta name=\"twitter:data1\" content=\"5 minutos\" \/>\n<script type=\"application\/ld+json\" class=\"yoast-schema-graph\">{\"@context\":\"https:\\\/\\\/schema.org\",\"@graph\":[{\"@type\":\"WebPage\",\"@id\":\"https:\\\/\\\/www.ctengineeringgroup.com\\\/our-history\\\/\",\"url\":\"https:\\\/\\\/www.ctengineeringgroup.com\\\/our-history\\\/\",\"name\":\"Nuestra Historia - The CT Engineering Group\",\"isPartOf\":{\"@id\":\"https:\\\/\\\/www.ctengineeringgroup.com\\\/fr\\\/#website\"},\"datePublished\":\"2024-06-19T07:26:44+00:00\",\"dateModified\":\"2024-10-04T11:13:35+00:00\",\"breadcrumb\":{\"@id\":\"https:\\\/\\\/www.ctengineeringgroup.com\\\/our-history\\\/#breadcrumb\"},\"inLanguage\":\"es\",\"potentialAction\":[{\"@type\":\"ReadAction\",\"target\":[\"https:\\\/\\\/www.ctengineeringgroup.com\\\/our-history\\\/\"]}]},{\"@type\":\"BreadcrumbList\",\"@id\":\"https:\\\/\\\/www.ctengineeringgroup.com\\\/our-history\\\/#breadcrumb\",\"itemListElement\":[{\"@type\":\"ListItem\",\"position\":1,\"name\":\"Portada\",\"item\":\"https:\\\/\\\/www.ctengineeringgroup.com\\\/es\\\/\"},{\"@type\":\"ListItem\",\"position\":2,\"name\":\"Nuestra Historia\"}]},{\"@type\":\"WebSite\",\"@id\":\"https:\\\/\\\/www.ctengineeringgroup.com\\\/fr\\\/#website\",\"url\":\"https:\\\/\\\/www.ctengineeringgroup.com\\\/fr\\\/\",\"name\":\"CT Engineering Group\",\"description\":\"\",\"publisher\":{\"@id\":\"https:\\\/\\\/www.ctengineeringgroup.com\\\/fr\\\/#organization\"},\"potentialAction\":[{\"@type\":\"SearchAction\",\"target\":{\"@type\":\"EntryPoint\",\"urlTemplate\":\"https:\\\/\\\/www.ctengineeringgroup.com\\\/fr\\\/?s={search_term_string}\"},\"query-input\":{\"@type\":\"PropertyValueSpecification\",\"valueRequired\":true,\"valueName\":\"search_term_string\"}}],\"inLanguage\":\"es\"},{\"@type\":\"Organization\",\"@id\":\"https:\\\/\\\/www.ctengineeringgroup.com\\\/fr\\\/#organization\",\"name\":\"CT Engineering Group\",\"url\":\"https:\\\/\\\/www.ctengineeringgroup.com\\\/fr\\\/\",\"logo\":{\"@type\":\"ImageObject\",\"inLanguage\":\"es\",\"@id\":\"https:\\\/\\\/www.ctengineeringgroup.com\\\/fr\\\/#\\\/schema\\\/logo\\\/image\\\/\",\"url\":\"https:\\\/\\\/www.ctengineeringgroup.com\\\/wp-content\\\/uploads\\\/2023\\\/06\\\/Logo-CT-Solutions-positive-version.png\",\"contentUrl\":\"https:\\\/\\\/www.ctengineeringgroup.com\\\/wp-content\\\/uploads\\\/2023\\\/06\\\/Logo-CT-Solutions-positive-version.png\",\"width\":1160,\"height\":501,\"caption\":\"CT Engineering Group\"},\"image\":{\"@id\":\"https:\\\/\\\/www.ctengineeringgroup.com\\\/fr\\\/#\\\/schema\\\/logo\\\/image\\\/\"},\"sameAs\":[\"https:\\\/\\\/www.linkedin.com\\\/company\\\/thectengineeringgroup\\\/\",\"https:\\\/\\\/www.youtube.com\\\/@thectengineeringgroup7161\"]}]}<\/script>\n<!-- \/ Yoast SEO plugin. -->","yoast_head_json":{"title":"Nuestra Historia - The CT Engineering Group","robots":{"index":"index","follow":"follow","max-snippet":"max-snippet:-1","max-image-preview":"max-image-preview:large","max-video-preview":"max-video-preview:-1"},"canonical":"https:\/\/www.ctengineeringgroup.com\/our-history\/","og_locale":"es_ES","og_type":"article","og_title":"Nuestra Historia - The CT Engineering Group","og_description":"Nuestra Historia En 1988, despu\u00e9s de trabajar durante los 11 a\u00f1os anteriores en los Estados Unidos y en Alemania, Jes\u00fas Prieto decidi\u00f3 embarcarse en un camino completamente diferente para su carrera. Decidi\u00f3 abandonar la multinacional norteamericana para la que hab\u00eda estado trabajando durante los \u00faltimos nueve a\u00f1os en Alemania, renunciando a los beneficios y estilo de vida que disfrutaba como expatriado, adem\u00e1s de a un magn\u00edfico sueldo alem\u00e1n, para enfocarse en la creaci\u00f3n de su propia empresa. Sin darse cuenta de ello, Jes\u00fas Prieto se hab\u00eda estado preparando largos a\u00f1os para este momento. Tras terminar su Certificaci\u00f3n Profesional en Mec\u00e1nica, en Sevilla, y sus estudios de grado en Ingenier\u00eda Industrial en Madrid, continu\u00f3 su formaci\u00f3n gradu\u00e1ndose con un MSBA en el Metropolitan College de la universidad de Boston, en su campus ubicado en Alemania. All\u00ed fue donde empez\u00f3 a desarrollar un inter\u00e9s en el negocio, pensando en las oportunidades que podr\u00edan estar disponibles en el mercado espa\u00f1ol. En esos tiempos, Espa\u00f1a estaba manifest\u00e1ndose m\u00e1s pr\u00f3spera gracias a la llegada de empresas europeas de una gran variedad de sectores, incluida la industria del autom\u00f3vil. Ello, combinado con el hecho de que hab\u00eda muy pocas empresas especializadas en el \u00e1rea de los [&hellip;]","og_url":"https:\/\/www.ctengineeringgroup.com\/our-history\/","og_site_name":"The CT Engineering Group","article_modified_time":"2024-10-04T11:13:35+00:00","twitter_card":"summary_large_image","twitter_misc":{"Tiempo de lectura":"5 minutos"},"schema":{"@context":"https:\/\/schema.org","@graph":[{"@type":"WebPage","@id":"https:\/\/www.ctengineeringgroup.com\/our-history\/","url":"https:\/\/www.ctengineeringgroup.com\/our-history\/","name":"Nuestra Historia - The CT Engineering Group","isPartOf":{"@id":"https:\/\/www.ctengineeringgroup.com\/fr\/#website"},"datePublished":"2024-06-19T07:26:44+00:00","dateModified":"2024-10-04T11:13:35+00:00","breadcrumb":{"@id":"https:\/\/www.ctengineeringgroup.com\/our-history\/#breadcrumb"},"inLanguage":"es","potentialAction":[{"@type":"ReadAction","target":["https:\/\/www.ctengineeringgroup.com\/our-history\/"]}]},{"@type":"BreadcrumbList","@id":"https:\/\/www.ctengineeringgroup.com\/our-history\/#breadcrumb","itemListElement":[{"@type":"ListItem","position":1,"name":"Portada","item":"https:\/\/www.ctengineeringgroup.com\/es\/"},{"@type":"ListItem","position":2,"name":"Nuestra Historia"}]},{"@type":"WebSite","@id":"https:\/\/www.ctengineeringgroup.com\/fr\/#website","url":"https:\/\/www.ctengineeringgroup.com\/fr\/","name":"CT Engineering Group","description":"","publisher":{"@id":"https:\/\/www.ctengineeringgroup.com\/fr\/#organization"},"potentialAction":[{"@type":"SearchAction","target":{"@type":"EntryPoint","urlTemplate":"https:\/\/www.ctengineeringgroup.com\/fr\/?s={search_term_string}"},"query-input":{"@type":"PropertyValueSpecification","valueRequired":true,"valueName":"search_term_string"}}],"inLanguage":"es"},{"@type":"Organization","@id":"https:\/\/www.ctengineeringgroup.com\/fr\/#organization","name":"CT Engineering Group","url":"https:\/\/www.ctengineeringgroup.com\/fr\/","logo":{"@type":"ImageObject","inLanguage":"es","@id":"https:\/\/www.ctengineeringgroup.com\/fr\/#\/schema\/logo\/image\/","url":"https:\/\/www.ctengineeringgroup.com\/wp-content\/uploads\/2023\/06\/Logo-CT-Solutions-positive-version.png","contentUrl":"https:\/\/www.ctengineeringgroup.com\/wp-content\/uploads\/2023\/06\/Logo-CT-Solutions-positive-version.png","width":1160,"height":501,"caption":"CT Engineering Group"},"image":{"@id":"https:\/\/www.ctengineeringgroup.com\/fr\/#\/schema\/logo\/image\/"},"sameAs":["https:\/\/www.linkedin.com\/company\/thectengineeringgroup\/","https:\/\/www.youtube.com\/@thectengineeringgroup7161"]}]}},"_links":{"self":[{"href":"https:\/\/www.ctengineeringgroup.com\/es\/wp-json\/wp\/v2\/pages\/257135","targetHints":{"allow":["GET"]}}],"collection":[{"href":"https:\/\/www.ctengineeringgroup.com\/es\/wp-json\/wp\/v2\/pages"}],"about":[{"href":"https:\/\/www.ctengineeringgroup.com\/es\/wp-json\/wp\/v2\/types\/page"}],"author":[{"embeddable":true,"href":"https:\/\/www.ctengineeringgroup.com\/es\/wp-json\/wp\/v2\/users\/1"}],"replies":[{"embeddable":true,"href":"https:\/\/www.ctengineeringgroup.com\/es\/wp-json\/wp\/v2\/comments?post=257135"}],"version-history":[{"count":3,"href":"https:\/\/www.ctengineeringgroup.com\/es\/wp-json\/wp\/v2\/pages\/257135\/revisions"}],"predecessor-version":[{"id":257138,"href":"https:\/\/www.ctengineeringgroup.com\/es\/wp-json\/wp\/v2\/pages\/257135\/revisions\/257138"}],"wp:attachment":[{"href":"https:\/\/www.ctengineeringgroup.com\/es\/wp-json\/wp\/v2\/media?parent=257135"}],"curies":[{"name":"wp","href":"https:\/\/api.w.org\/{rel}","templated":true}]}}