{"id":257555,"date":"2024-08-06T12:33:02","date_gmt":"2024-08-06T11:33:02","guid":{"rendered":"https:\/\/ingenieros.en-desarrollo.net\/term-of-use\/"},"modified":"2025-05-26T16:39:55","modified_gmt":"2025-05-26T15:39:55","slug":"terminos-de-uso","status":"publish","type":"page","link":"https:\/\/www.ctengineeringgroup.com\/es\/terminos-de-uso\/","title":{"rendered":"T\u00e9rminos de uso"},"content":{"rendered":"<p>[et_pb_section fb_built=\u00bb1&#8243; _builder_version=\u00bb4.16&#8243; da_disable_devices=\u00bboff|off|off\u00bb global_colors_info=\u00bb{}\u00bb da_is_popup=\u00bboff\u00bb da_exit_intent=\u00bboff\u00bb da_has_close=\u00bbon\u00bb da_alt_close=\u00bboff\u00bb da_dark_close=\u00bboff\u00bb da_not_modal=\u00bbon\u00bb da_is_singular=\u00bboff\u00bb da_with_loader=\u00bboff\u00bb da_has_shadow=\u00bbon\u00bb][et_pb_row _builder_version=\u00bb4.16&#8243; background_size=\u00bbinitial\u00bb background_position=\u00bbtop_left\u00bb background_repeat=\u00bbrepeat\u00bb global_colors_info=\u00bb{}\u00bb][et_pb_column type=\u00bb4_4&#8243; _builder_version=\u00bb4.16&#8243; custom_padding=\u00bb|||\u00bb global_colors_info=\u00bb{}\u00bb custom_padding__hover=\u00bb|||\u00bb][et_pb_text _builder_version=\u00bb4.27.4&#8243; background_size=\u00bbinitial\u00bb background_position=\u00bbtop_left\u00bb background_repeat=\u00bbrepeat\u00bb hover_enabled=\u00bb0&#8243; global_colors_info=\u00bb{}\u00bb sticky_enabled=\u00bb0&#8243;]<\/p>\n<h2 class=\"wp-block-heading\">T\u00e9rminos de uso<\/h2>\n<h4 class=\"wp-block-heading\">CONSENTIMIENTO PARA EL TRATAMIENTO DE DATOS PERSONALES<\/h4>\n<p><strong>CT INGENIEROS AERONAUTICOS DE AUTOMOCION E INDUSTRIALES SL <\/strong>es el Responsable del<\/p>\n<\/p>\n<p>tratamiento de los datos personales del Usuario y le informa de que estos datos se tratar\u00e1n de conformidad con lo dispuesto en el Reglamento (UE) 2016\/679, de 27 de abril (GDPR), y la Ley Org\u00e1nica 3\/2018, de 5 de diciembre (LOPDGDD), por lo que se le facilita la siguiente informaci\u00f3n del tratamiento:<\/p>\n<\/p>\n<p><strong>Fines y legitimaci\u00f3n del tratamiento<\/strong>: mantener una relaci\u00f3n comercial (por inter\u00e9s leg\u00edtimo del responsable, art. 6.1.f GDPR) y env\u00edo de comunicaciones de productos o servicios (con el consentimiento del interesado, art. 6.1.a GDPR).<\/p>\n<\/p>\n<p><strong>Criterios de conservaci\u00f3n de los datos<\/strong>: se conservar\u00e1n durante no m\u00e1s tiempo del necesario para mantener el fin del tratamiento o existan prescripciones legales que dictaminen su custodia y cuando ya no sea necesario para ello, se suprimir\u00e1n con medidas de seguridad adecuadas para garantizar la anonimizaci\u00f3n de los datos o la destrucci\u00f3n total de los mismos.<\/p>\n<\/p>\n<p><strong>Comunicaci\u00f3n de los datos<\/strong>: no se comunicar\u00e1n los datos a terceros, salvo obligaci\u00f3n legal.<\/p>\n<\/p>\n<h4 class=\"wp-block-heading\">Derechos que asisten al Usuario:<\/h4>\n<\/p>\n<ul class=\"wp-block-list\">\n<li style=\"list-style-type: none;\">\n<ul class=\"wp-block-list\">\n<li>Derecho a retirar el consentimiento en cualquier momento.<\/li>\n<\/ul>\n<\/li>\n<\/ul>\n<ul class=\"wp-block-list\">\n<li style=\"list-style-type: none;\">\n<ul class=\"wp-block-list\">\n<li>Derecho de acceso, rectificaci\u00f3n, portabilidad y supresi\u00f3n de sus datos, y de limitaci\u00f3n u oposici\u00f3n a su tratamiento.<\/li>\n<\/ul>\n<\/li>\n<\/ul>\n<ul class=\"wp-block-list\">\n<li style=\"list-style-type: none;\">\n<ul class=\"wp-block-list\">\n<li>Derecho a presentar una reclamaci\u00f3n ante la Autoridad de control (www.aepd.es) si considera que el tratamiento no se ajusta a la normativa vigente.<\/li>\n<\/ul>\n<\/li>\n<\/ul>\n<\/p>\n<h4 class=\"wp-block-heading\">Datos de contacto para ejercer sus derechos:<\/h4>\n<\/p>\n<p>CT INGENIEROS AERONAUTICOS DE AUTOMOCION E INDUSTRIALES SL. Avda. Leonardo Da Vinci, 22 &#8211; 28050 GETAFE (Madrid). E-mail: <a href=\"mailto:gdpr@thectengineeringgroup.com\">gdpr@thectengineeringgroup.com<\/a><\/p>\n<\/p>\n<p>Datos de contacto del delegado de protecci\u00f3n de datos: C\/ Fenix 19 &#8211; <a href=\"mailto:info@consultingnormativo.es\">info@consultingnormativo.es<\/a><\/p>\n<\/p>\n<p>Para continuar debe aceptar que ha le\u00eddo y est\u00e1 conforme con la cl\u00e1usula anterior.<\/p>\n<\/p>\n<h4 class=\"wp-block-heading\">[ ] ACEPTAR<\/h4>\n<\/p>\n<p>[\/et_pb_text][\/et_pb_column][\/et_pb_row][\/et_pb_section]<\/p>\n","protected":false},"excerpt":{"rendered":"<p>T\u00e9rminos de uso CONSENTIMIENTO PARA EL TRATAMIENTO DE DATOS PERSONALES CT INGENIEROS AERONAUTICOS DE AUTOMOCION E INDUSTRIALES SL es el Responsable del tratamiento de los datos personales del Usuario y le informa de que estos datos se tratar\u00e1n de conformidad con lo dispuesto en el Reglamento (UE) 2016\/679, de 27 de abril (GDPR), y la Ley Org\u00e1nica 3\/2018, de 5 de diciembre (LOPDGDD), por lo que se le facilita la siguiente informaci\u00f3n del tratamiento: Fines y legitimaci\u00f3n del tratamiento: mantener una relaci\u00f3n comercial (por inter\u00e9s leg\u00edtimo del responsable, art. 6.1.f GDPR) y env\u00edo de comunicaciones de productos o servicios (con el consentimiento del interesado, art. 6.1.a GDPR). Criterios de conservaci\u00f3n de los datos: se conservar\u00e1n durante no m\u00e1s tiempo del necesario para mantener el fin del tratamiento o existan prescripciones legales que dictaminen su custodia y cuando ya no sea necesario para ello, se suprimir\u00e1n con medidas de seguridad adecuadas para garantizar la anonimizaci\u00f3n de los datos o la destrucci\u00f3n total de los mismos. Comunicaci\u00f3n de los datos: no se comunicar\u00e1n los datos a terceros, salvo obligaci\u00f3n legal. Derechos que asisten al Usuario: Derecho a retirar el consentimiento en cualquier momento. Derecho de acceso, rectificaci\u00f3n, portabilidad y supresi\u00f3n de sus [&hellip;]<\/p>\n","protected":false},"author":1,"featured_media":0,"parent":0,"menu_order":0,"comment_status":"closed","ping_status":"closed","template":"","meta":{"_et_pb_use_builder":"on","_et_pb_old_content":"<p>Terms of use<br \/>CONSENT FOR THE PROCESSING OF PERSONAL DATA<\/p><p>CT INGENIEROS AERONAUTICOS DE AUTOMOCION E INDUSTRIALES SL is the Controller of the User\u2019s personal data and informs the User that this data will be processed in accordance with the provisions of Regulation (EU) 2016\/679, of 27 April (GDPR), and Organic Law 3\/2018, of 5 December (LOPDGDD), and consequently provides the User with the following information about the processing:<\/p><p>Purposes and legitimation of the processing: maintain a commercial relationship (for the legitimate interest of the controller, art. 6.1.f GDPR) and send communications of products or services (with the consent of the interested party, art. 6.1.a GDPR).<\/p><p>Data retention criteria: the data will be kept for no longer than necessary to achieve the purpose of the processing or if there are legal requirements that require custody of the data. When the data is no longer needed for this, it will be deleted with adequate security measures to guarantee the anonymisation and total destruction of the data.<\/p><p>Communication of the data: the data will not be communicated to third parties, unless required by legal obligation.<\/p><p>The User has the following rights:<\/p><p>The right to withdraw consent at any time.<br \/>The right of access, rectification, portability and deletion of your data, and of limitation or opposition to its processing.<br \/>The right to file a complaint with the supervisory authority (www.aepd.es) if they feel that the processing does not comply with the regulations currently in force.<br \/>Contact details to exercise your rights:<\/p><p>CT INGENIEROS AERONAUTICOS DE AUTOMOCION E INDUSTRIALES SL. Avda. Leonardo Da Vinci, 22 \u2013 28050 GETAFE (Madrid). E-mail: DURIARTE@CTINGENIEROS.ES<\/p><p>Contact details of the Data Protection Officer: C\/ Fenix 19 \u2013 info@consultingnormativo.es<\/p><p>To continue you must accept that you have read and agree with the previous clause.<\/p>","_et_gb_content_width":"","footnotes":""},"class_list":["post-257555","page","type-page","status-publish","hentry"],"yoast_head":"<!-- This site is optimized with the Yoast SEO plugin v27.4 - https:\/\/yoast.com\/product\/yoast-seo-wordpress\/ -->\n<title>T\u00e9rminos de uso - The CT Engineering Group<\/title>\n<meta name=\"robots\" content=\"index, follow, max-snippet:-1, max-image-preview:large, max-video-preview:-1\" \/>\n<link rel=\"canonical\" href=\"https:\/\/www.ctengineeringgroup.com\/es\/terminos-de-uso\/\" \/>\n<meta property=\"og:locale\" content=\"es_ES\" \/>\n<meta property=\"og:type\" content=\"article\" \/>\n<meta property=\"og:title\" content=\"T\u00e9rminos de uso - The CT Engineering Group\" \/>\n<meta property=\"og:description\" content=\"T\u00e9rminos de uso CONSENTIMIENTO PARA EL TRATAMIENTO DE DATOS PERSONALES CT INGENIEROS AERONAUTICOS DE AUTOMOCION E INDUSTRIALES SL es el Responsable del tratamiento de los datos personales del Usuario y le informa de que estos datos se tratar\u00e1n de conformidad con lo dispuesto en el Reglamento (UE) 2016\/679, de 27 de abril (GDPR), y la Ley Org\u00e1nica 3\/2018, de 5 de diciembre (LOPDGDD), por lo que se le facilita la siguiente informaci\u00f3n del tratamiento: Fines y legitimaci\u00f3n del tratamiento: mantener una relaci\u00f3n comercial (por inter\u00e9s leg\u00edtimo del responsable, art. 6.1.f GDPR) y env\u00edo de comunicaciones de productos o servicios (con el consentimiento del interesado, art. 6.1.a GDPR). Criterios de conservaci\u00f3n de los datos: se conservar\u00e1n durante no m\u00e1s tiempo del necesario para mantener el fin del tratamiento o existan prescripciones legales que dictaminen su custodia y cuando ya no sea necesario para ello, se suprimir\u00e1n con medidas de seguridad adecuadas para garantizar la anonimizaci\u00f3n de los datos o la destrucci\u00f3n total de los mismos. Comunicaci\u00f3n de los datos: no se comunicar\u00e1n los datos a terceros, salvo obligaci\u00f3n legal. Derechos que asisten al Usuario: Derecho a retirar el consentimiento en cualquier momento. Derecho de acceso, rectificaci\u00f3n, portabilidad y supresi\u00f3n de sus [&hellip;]\" \/>\n<meta property=\"og:url\" content=\"https:\/\/www.ctengineeringgroup.com\/es\/terminos-de-uso\/\" \/>\n<meta property=\"og:site_name\" content=\"The CT Engineering Group\" \/>\n<meta property=\"article:modified_time\" content=\"2025-05-26T15:39:55+00:00\" \/>\n<meta name=\"twitter:card\" content=\"summary_large_image\" \/>\n<meta name=\"twitter:label1\" content=\"Tiempo de lectura\" \/>\n\t<meta name=\"twitter:data1\" content=\"2 minutos\" \/>\n<script type=\"application\/ld+json\" class=\"yoast-schema-graph\">{\"@context\":\"https:\\\/\\\/schema.org\",\"@graph\":[{\"@type\":\"WebPage\",\"@id\":\"https:\\\/\\\/www.ctengineeringgroup.com\\\/es\\\/terminos-de-uso\\\/\",\"url\":\"https:\\\/\\\/www.ctengineeringgroup.com\\\/es\\\/terminos-de-uso\\\/\",\"name\":\"T\u00e9rminos de uso - The CT Engineering Group\",\"isPartOf\":{\"@id\":\"https:\\\/\\\/www.ctengineeringgroup.com\\\/fr\\\/#website\"},\"datePublished\":\"2024-08-06T11:33:02+00:00\",\"dateModified\":\"2025-05-26T15:39:55+00:00\",\"breadcrumb\":{\"@id\":\"https:\\\/\\\/www.ctengineeringgroup.com\\\/es\\\/terminos-de-uso\\\/#breadcrumb\"},\"inLanguage\":\"es\",\"potentialAction\":[{\"@type\":\"ReadAction\",\"target\":[\"https:\\\/\\\/www.ctengineeringgroup.com\\\/es\\\/terminos-de-uso\\\/\"]}]},{\"@type\":\"BreadcrumbList\",\"@id\":\"https:\\\/\\\/www.ctengineeringgroup.com\\\/es\\\/terminos-de-uso\\\/#breadcrumb\",\"itemListElement\":[{\"@type\":\"ListItem\",\"position\":1,\"name\":\"Portada\",\"item\":\"https:\\\/\\\/www.ctengineeringgroup.com\\\/es\\\/\"},{\"@type\":\"ListItem\",\"position\":2,\"name\":\"T\u00e9rminos de uso\"}]},{\"@type\":\"WebSite\",\"@id\":\"https:\\\/\\\/www.ctengineeringgroup.com\\\/fr\\\/#website\",\"url\":\"https:\\\/\\\/www.ctengineeringgroup.com\\\/fr\\\/\",\"name\":\"CT Engineering Group\",\"description\":\"\",\"publisher\":{\"@id\":\"https:\\\/\\\/www.ctengineeringgroup.com\\\/fr\\\/#organization\"},\"potentialAction\":[{\"@type\":\"SearchAction\",\"target\":{\"@type\":\"EntryPoint\",\"urlTemplate\":\"https:\\\/\\\/www.ctengineeringgroup.com\\\/fr\\\/?s={search_term_string}\"},\"query-input\":{\"@type\":\"PropertyValueSpecification\",\"valueRequired\":true,\"valueName\":\"search_term_string\"}}],\"inLanguage\":\"es\"},{\"@type\":\"Organization\",\"@id\":\"https:\\\/\\\/www.ctengineeringgroup.com\\\/fr\\\/#organization\",\"name\":\"CT Engineering Group\",\"url\":\"https:\\\/\\\/www.ctengineeringgroup.com\\\/fr\\\/\",\"logo\":{\"@type\":\"ImageObject\",\"inLanguage\":\"es\",\"@id\":\"https:\\\/\\\/www.ctengineeringgroup.com\\\/fr\\\/#\\\/schema\\\/logo\\\/image\\\/\",\"url\":\"https:\\\/\\\/www.ctengineeringgroup.com\\\/wp-content\\\/uploads\\\/2023\\\/06\\\/Logo-CT-Solutions-positive-version.png\",\"contentUrl\":\"https:\\\/\\\/www.ctengineeringgroup.com\\\/wp-content\\\/uploads\\\/2023\\\/06\\\/Logo-CT-Solutions-positive-version.png\",\"width\":1160,\"height\":501,\"caption\":\"CT Engineering Group\"},\"image\":{\"@id\":\"https:\\\/\\\/www.ctengineeringgroup.com\\\/fr\\\/#\\\/schema\\\/logo\\\/image\\\/\"},\"sameAs\":[\"https:\\\/\\\/www.linkedin.com\\\/company\\\/thectengineeringgroup\\\/\",\"https:\\\/\\\/www.youtube.com\\\/@thectengineeringgroup7161\"]}]}<\/script>\n<!-- \/ Yoast SEO plugin. -->","yoast_head_json":{"title":"T\u00e9rminos de uso - The CT Engineering Group","robots":{"index":"index","follow":"follow","max-snippet":"max-snippet:-1","max-image-preview":"max-image-preview:large","max-video-preview":"max-video-preview:-1"},"canonical":"https:\/\/www.ctengineeringgroup.com\/es\/terminos-de-uso\/","og_locale":"es_ES","og_type":"article","og_title":"T\u00e9rminos de uso - The CT Engineering Group","og_description":"T\u00e9rminos de uso CONSENTIMIENTO PARA EL TRATAMIENTO DE DATOS PERSONALES CT INGENIEROS AERONAUTICOS DE AUTOMOCION E INDUSTRIALES SL es el Responsable del tratamiento de los datos personales del Usuario y le informa de que estos datos se tratar\u00e1n de conformidad con lo dispuesto en el Reglamento (UE) 2016\/679, de 27 de abril (GDPR), y la Ley Org\u00e1nica 3\/2018, de 5 de diciembre (LOPDGDD), por lo que se le facilita la siguiente informaci\u00f3n del tratamiento: Fines y legitimaci\u00f3n del tratamiento: mantener una relaci\u00f3n comercial (por inter\u00e9s leg\u00edtimo del responsable, art. 6.1.f GDPR) y env\u00edo de comunicaciones de productos o servicios (con el consentimiento del interesado, art. 6.1.a GDPR). Criterios de conservaci\u00f3n de los datos: se conservar\u00e1n durante no m\u00e1s tiempo del necesario para mantener el fin del tratamiento o existan prescripciones legales que dictaminen su custodia y cuando ya no sea necesario para ello, se suprimir\u00e1n con medidas de seguridad adecuadas para garantizar la anonimizaci\u00f3n de los datos o la destrucci\u00f3n total de los mismos. Comunicaci\u00f3n de los datos: no se comunicar\u00e1n los datos a terceros, salvo obligaci\u00f3n legal. Derechos que asisten al Usuario: Derecho a retirar el consentimiento en cualquier momento. Derecho de acceso, rectificaci\u00f3n, portabilidad y supresi\u00f3n de sus [&hellip;]","og_url":"https:\/\/www.ctengineeringgroup.com\/es\/terminos-de-uso\/","og_site_name":"The CT Engineering Group","article_modified_time":"2025-05-26T15:39:55+00:00","twitter_card":"summary_large_image","twitter_misc":{"Tiempo de lectura":"2 minutos"},"schema":{"@context":"https:\/\/schema.org","@graph":[{"@type":"WebPage","@id":"https:\/\/www.ctengineeringgroup.com\/es\/terminos-de-uso\/","url":"https:\/\/www.ctengineeringgroup.com\/es\/terminos-de-uso\/","name":"T\u00e9rminos de uso - The CT Engineering Group","isPartOf":{"@id":"https:\/\/www.ctengineeringgroup.com\/fr\/#website"},"datePublished":"2024-08-06T11:33:02+00:00","dateModified":"2025-05-26T15:39:55+00:00","breadcrumb":{"@id":"https:\/\/www.ctengineeringgroup.com\/es\/terminos-de-uso\/#breadcrumb"},"inLanguage":"es","potentialAction":[{"@type":"ReadAction","target":["https:\/\/www.ctengineeringgroup.com\/es\/terminos-de-uso\/"]}]},{"@type":"BreadcrumbList","@id":"https:\/\/www.ctengineeringgroup.com\/es\/terminos-de-uso\/#breadcrumb","itemListElement":[{"@type":"ListItem","position":1,"name":"Portada","item":"https:\/\/www.ctengineeringgroup.com\/es\/"},{"@type":"ListItem","position":2,"name":"T\u00e9rminos de uso"}]},{"@type":"WebSite","@id":"https:\/\/www.ctengineeringgroup.com\/fr\/#website","url":"https:\/\/www.ctengineeringgroup.com\/fr\/","name":"CT Engineering Group","description":"","publisher":{"@id":"https:\/\/www.ctengineeringgroup.com\/fr\/#organization"},"potentialAction":[{"@type":"SearchAction","target":{"@type":"EntryPoint","urlTemplate":"https:\/\/www.ctengineeringgroup.com\/fr\/?s={search_term_string}"},"query-input":{"@type":"PropertyValueSpecification","valueRequired":true,"valueName":"search_term_string"}}],"inLanguage":"es"},{"@type":"Organization","@id":"https:\/\/www.ctengineeringgroup.com\/fr\/#organization","name":"CT Engineering Group","url":"https:\/\/www.ctengineeringgroup.com\/fr\/","logo":{"@type":"ImageObject","inLanguage":"es","@id":"https:\/\/www.ctengineeringgroup.com\/fr\/#\/schema\/logo\/image\/","url":"https:\/\/www.ctengineeringgroup.com\/wp-content\/uploads\/2023\/06\/Logo-CT-Solutions-positive-version.png","contentUrl":"https:\/\/www.ctengineeringgroup.com\/wp-content\/uploads\/2023\/06\/Logo-CT-Solutions-positive-version.png","width":1160,"height":501,"caption":"CT Engineering Group"},"image":{"@id":"https:\/\/www.ctengineeringgroup.com\/fr\/#\/schema\/logo\/image\/"},"sameAs":["https:\/\/www.linkedin.com\/company\/thectengineeringgroup\/","https:\/\/www.youtube.com\/@thectengineeringgroup7161"]}]}},"_links":{"self":[{"href":"https:\/\/www.ctengineeringgroup.com\/es\/wp-json\/wp\/v2\/pages\/257555","targetHints":{"allow":["GET"]}}],"collection":[{"href":"https:\/\/www.ctengineeringgroup.com\/es\/wp-json\/wp\/v2\/pages"}],"about":[{"href":"https:\/\/www.ctengineeringgroup.com\/es\/wp-json\/wp\/v2\/types\/page"}],"author":[{"embeddable":true,"href":"https:\/\/www.ctengineeringgroup.com\/es\/wp-json\/wp\/v2\/users\/1"}],"replies":[{"embeddable":true,"href":"https:\/\/www.ctengineeringgroup.com\/es\/wp-json\/wp\/v2\/comments?post=257555"}],"version-history":[{"count":4,"href":"https:\/\/www.ctengineeringgroup.com\/es\/wp-json\/wp\/v2\/pages\/257555\/revisions"}],"predecessor-version":[{"id":260788,"href":"https:\/\/www.ctengineeringgroup.com\/es\/wp-json\/wp\/v2\/pages\/257555\/revisions\/260788"}],"wp:attachment":[{"href":"https:\/\/www.ctengineeringgroup.com\/es\/wp-json\/wp\/v2\/media?parent=257555"}],"curies":[{"name":"wp","href":"https:\/\/api.w.org\/{rel}","templated":true}]}}