{"id":255614,"date":"2024-08-06T12:33:02","date_gmt":"2024-08-06T11:33:02","guid":{"rendered":"https:\/\/ingenieros.en-desarrollo.net\/conditions-generales-dutilisation\/"},"modified":"2025-05-26T16:41:27","modified_gmt":"2025-05-26T15:41:27","slug":"conditions-generales-dutilisation","status":"publish","type":"page","link":"https:\/\/www.ctengineeringgroup.com\/fr\/conditions-generales-dutilisation\/","title":{"rendered":"Conditions g\u00e9n\u00e9rales d\u2019utilisation"},"content":{"rendered":"<p>[et_pb_section fb_built=\u00a0\u00bb1&Prime; admin_label=\u00a0\u00bbsection\u00a0\u00bb _builder_version=\u00a0\u00bb4.16&Prime; da_disable_devices=\u00a0\u00bboff|off|off\u00a0\u00bb global_colors_info=\u00a0\u00bb{}\u00a0\u00bb da_is_popup=\u00a0\u00bboff\u00a0\u00bb da_exit_intent=\u00a0\u00bboff\u00a0\u00bb da_has_close=\u00a0\u00bbon\u00a0\u00bb da_alt_close=\u00a0\u00bboff\u00a0\u00bb da_dark_close=\u00a0\u00bboff\u00a0\u00bb da_not_modal=\u00a0\u00bbon\u00a0\u00bb da_is_singular=\u00a0\u00bboff\u00a0\u00bb da_with_loader=\u00a0\u00bboff\u00a0\u00bb da_has_shadow=\u00a0\u00bbon\u00a0\u00bb][et_pb_row admin_label=\u00a0\u00bbrow\u00a0\u00bb _builder_version=\u00a0\u00bb4.16&Prime; background_size=\u00a0\u00bbinitial\u00a0\u00bb background_position=\u00a0\u00bbtop_left\u00a0\u00bb background_repeat=\u00a0\u00bbrepeat\u00a0\u00bb global_colors_info=\u00a0\u00bb{}\u00a0\u00bb][et_pb_column type=\u00a0\u00bb4_4&Prime; _builder_version=\u00a0\u00bb4.16&Prime; custom_padding=\u00a0\u00bb|||\u00a0\u00bb global_colors_info=\u00a0\u00bb{}\u00a0\u00bb custom_padding__hover=\u00a0\u00bb|||\u00a0\u00bb][et_pb_text admin_label=\u00a0\u00bbText\u00a0\u00bb _builder_version=\u00a0\u00bb4.27.4&Prime; background_size=\u00a0\u00bbinitial\u00a0\u00bb background_position=\u00a0\u00bbtop_left\u00a0\u00bb background_repeat=\u00a0\u00bbrepeat\u00a0\u00bb hover_enabled=\u00a0\u00bb0&Prime; global_colors_info=\u00a0\u00bb{}\u00a0\u00bb sticky_enabled=\u00a0\u00bb0&Prime;]<\/p>\n<section class=\"\">\n<div class=\"main-content__medium\">\n<div class=\"main-content__center\">\n<div class=\"main-banner__general-text\">\n<h1 style=\"text-align: center; color: #01426a; font-size: 50px;\">Conditions g\u00e9n\u00e9rales d\u2019utilisation<\/h1>\n<\/div>\n<\/div>\n<\/div>\n<\/section>\n<div class=\"main-banner__placeholder bg-right \">\n<div class=\"main-single__card\">\n<div class=\"main-single__content main-content__medium\">\n<p><strong>CONSENTEMENT AU TRAITEMENT DES DONN\u00c9ES \u00c0 CARACT\u00c8RE PERSONNEL<\/strong><\/p>\n<p><strong>The CT Engineering Group<\/strong>\u00a0est le RESPONSABLE DU TRAITEMENT des donn\u00e9es personnelles des utilisateurs, et informe l\u2019utilisateur que ses donn\u00e9es seront trait\u00e9es conform\u00e9ment aux dispositions du r\u00e8glement (UE) 2016\/679, du 27 avril (RGDP), et de la loi organique 3\/2018, du 5 d\u00e9cembre (LOPDGDD). Par cons\u00e9quent, l\u2019Utilisateur est inform\u00e9 de ce qui suit par rapport au traitement:<\/p>\n<p><strong>Finalit\u00e9s et l\u00e9gitimation du traitement:\u00a0<\/strong>entretenir une relation commerciale (dans l\u2019int\u00e9r\u00eat l\u00e9gitime du responsable du traitement, art. 6.1.f du RGDP) et envoyer des communications concernant ses produits et services (avec le consentement de la personne concern\u00e9e, art. 6.1.a du RGDP).<\/p>\n<p><strong>Crit\u00e8res de conservation des donn\u00e9es:<\/strong>\u00a0les donn\u00e9es ne sont conserv\u00e9es que durant le temps n\u00e9cessaire pour atteindre le but du traitement, ou dans les cas pr\u00e9vus par la loi si une obligation de conservation des donn\u00e9es est impos\u00e9e. Lorsque les donn\u00e9es ne sont plus n\u00e9cessaires aux finalit\u00e9s susmentionn\u00e9es, elles sont effac\u00e9es en prenant des mesures de s\u00e9curit\u00e9 ad\u00e9quates garantissant l\u2019anonymisation et la destruction totale des donn\u00e9es.<\/p>\n<p><strong>Communication des donn\u00e9es:<\/strong>\u00a0les donn\u00e9es ne sont pas communiqu\u00e9es aux tiers, \u00e0 moins qu\u2019une obligation l\u00e9gale ne l\u2019exige.<\/p>\n<p><strong>L\u2019Utilisateur peut exercer les droits suivants:<\/strong><\/p>\n<ul class=\"wp-block-list\">\n<li>Le droit de retirer son consentement \u00e0 tout moment.<\/li>\n<li>Les droits d\u2019acc\u00e8s, de rectification, de portabilit\u00e9 et d\u2019effacement de ses donn\u00e9es, ainsi que le droit de limiter le traitement et de s\u2019y opposer.<\/li>\n<li>Le droit d\u2019adresser une r\u00e9clamation aupr\u00e8s de l\u2019autorit\u00e9 de surveillance (www.aepd.es) si l\u2019Utilisateur estime que le traitement n\u2019est pas conforme \u00e0 la r\u00e9glementation en vigueur.<\/li>\n<\/ul>\n<p>Renseignements de contact pour l\u2019exercice de vos droits:<\/p>\n<p>The CT Engineering Group Avda. Leonardo Da Vinci, 22 \u2013 28050 GETAFE (Madrid). E-mail: <a href=\"mailto:gdpr@thectengineeringgroup.com\">gdpr@thectengineeringgroup.com<\/a><\/p>\n<p>Renseignements de contact du d\u00e9l\u00e9gu\u00e9 \u00e0 la protection des donn\u00e9es: C\/ Fenix 19 \u2013\u00a0<a href=\"mailto:info@consultingnormativo.es\">info@consultingnormativo.es<\/a><\/p>\n<p>Avant de continuer, vous devez d\u00e9clarer avoir lu la clause pr\u00e9c\u00e9dente et en acceptez le contenu.<\/p>\n<p><strong>[ ] ACCEPTER<\/strong><\/p>\n<\/div>\n<\/div>\n<\/div>\n<p>[\/et_pb_text][\/et_pb_column][\/et_pb_row][\/et_pb_section]<\/p>\n","protected":false},"excerpt":{"rendered":"<p>Conditions g\u00e9n\u00e9rales d\u2019utilisation CONSENTEMENT AU TRAITEMENT DES DONN\u00c9ES \u00c0 CARACT\u00c8RE PERSONNEL The CT Engineering Group\u00a0est le RESPONSABLE DU TRAITEMENT des donn\u00e9es personnelles des utilisateurs, et informe l\u2019utilisateur que ses donn\u00e9es seront trait\u00e9es conform\u00e9ment aux dispositions du r\u00e8glement (UE) 2016\/679, du 27 avril (RGDP), et de la loi organique 3\/2018, du 5 d\u00e9cembre (LOPDGDD). Par cons\u00e9quent, l\u2019Utilisateur est inform\u00e9 de ce qui suit par rapport au traitement: Finalit\u00e9s et l\u00e9gitimation du traitement:\u00a0entretenir une relation commerciale (dans l\u2019int\u00e9r\u00eat l\u00e9gitime du responsable du traitement, art. 6.1.f du RGDP) et envoyer des communications concernant ses produits et services (avec le consentement de la personne concern\u00e9e, art. 6.1.a du RGDP). Crit\u00e8res de conservation des donn\u00e9es:\u00a0les donn\u00e9es ne sont conserv\u00e9es que durant le temps n\u00e9cessaire pour atteindre le but du traitement, ou dans les cas pr\u00e9vus par la loi si une obligation de conservation des donn\u00e9es est impos\u00e9e. Lorsque les donn\u00e9es ne sont plus n\u00e9cessaires aux finalit\u00e9s susmentionn\u00e9es, elles sont effac\u00e9es en prenant des mesures de s\u00e9curit\u00e9 ad\u00e9quates garantissant l\u2019anonymisation et la destruction totale des donn\u00e9es. Communication des donn\u00e9es:\u00a0les donn\u00e9es ne sont pas communiqu\u00e9es aux tiers, \u00e0 moins qu\u2019une obligation l\u00e9gale ne l\u2019exige. L\u2019Utilisateur peut exercer les droits suivants: Le droit de retirer son consentement \u00e0 [&hellip;]<\/p>\n","protected":false},"author":1,"featured_media":0,"parent":0,"menu_order":0,"comment_status":"closed","ping_status":"closed","template":"","meta":{"_et_pb_use_builder":"on","_et_pb_old_content":"","_et_gb_content_width":"","footnotes":""},"class_list":["post-255614","page","type-page","status-publish","hentry"],"yoast_head":"<!-- This site is optimized with the Yoast SEO plugin v27.2 - https:\/\/yoast.com\/product\/yoast-seo-wordpress\/ -->\n<title>Conditions g\u00e9n\u00e9rales d\u2019utilisation - The CT Engineering Group<\/title>\n<meta name=\"robots\" content=\"index, follow, max-snippet:-1, max-image-preview:large, max-video-preview:-1\" \/>\n<link rel=\"canonical\" href=\"https:\/\/www.ctengineeringgroup.com\/fr\/conditions-generales-dutilisation\/\" \/>\n<meta property=\"og:locale\" content=\"fr_FR\" \/>\n<meta property=\"og:type\" content=\"article\" \/>\n<meta property=\"og:title\" content=\"Conditions g\u00e9n\u00e9rales d\u2019utilisation - The CT Engineering Group\" \/>\n<meta property=\"og:description\" content=\"Conditions g\u00e9n\u00e9rales d\u2019utilisation CONSENTEMENT AU TRAITEMENT DES DONN\u00c9ES \u00c0 CARACT\u00c8RE PERSONNEL The CT Engineering Group\u00a0est le RESPONSABLE DU TRAITEMENT des donn\u00e9es personnelles des utilisateurs, et informe l\u2019utilisateur que ses donn\u00e9es seront trait\u00e9es conform\u00e9ment aux dispositions du r\u00e8glement (UE) 2016\/679, du 27 avril (RGDP), et de la loi organique 3\/2018, du 5 d\u00e9cembre (LOPDGDD). Par cons\u00e9quent, l\u2019Utilisateur est inform\u00e9 de ce qui suit par rapport au traitement: Finalit\u00e9s et l\u00e9gitimation du traitement:\u00a0entretenir une relation commerciale (dans l\u2019int\u00e9r\u00eat l\u00e9gitime du responsable du traitement, art. 6.1.f du RGDP) et envoyer des communications concernant ses produits et services (avec le consentement de la personne concern\u00e9e, art. 6.1.a du RGDP). Crit\u00e8res de conservation des donn\u00e9es:\u00a0les donn\u00e9es ne sont conserv\u00e9es que durant le temps n\u00e9cessaire pour atteindre le but du traitement, ou dans les cas pr\u00e9vus par la loi si une obligation de conservation des donn\u00e9es est impos\u00e9e. Lorsque les donn\u00e9es ne sont plus n\u00e9cessaires aux finalit\u00e9s susmentionn\u00e9es, elles sont effac\u00e9es en prenant des mesures de s\u00e9curit\u00e9 ad\u00e9quates garantissant l\u2019anonymisation et la destruction totale des donn\u00e9es. Communication des donn\u00e9es:\u00a0les donn\u00e9es ne sont pas communiqu\u00e9es aux tiers, \u00e0 moins qu\u2019une obligation l\u00e9gale ne l\u2019exige. L\u2019Utilisateur peut exercer les droits suivants: Le droit de retirer son consentement \u00e0 [&hellip;]\" \/>\n<meta property=\"og:url\" content=\"https:\/\/www.ctengineeringgroup.com\/fr\/conditions-generales-dutilisation\/\" \/>\n<meta property=\"og:site_name\" content=\"The CT Engineering Group\" \/>\n<meta property=\"article:modified_time\" content=\"2025-05-26T15:41:27+00:00\" \/>\n<meta name=\"twitter:card\" content=\"summary_large_image\" \/>\n<meta name=\"twitter:label1\" content=\"Dur\u00e9e de lecture estim\u00e9e\" \/>\n\t<meta name=\"twitter:data1\" content=\"2 minutes\" \/>\n<script type=\"application\/ld+json\" class=\"yoast-schema-graph\">{\"@context\":\"https:\/\/schema.org\",\"@graph\":[{\"@type\":\"WebPage\",\"@id\":\"https:\/\/www.ctengineeringgroup.com\/fr\/conditions-generales-dutilisation\/\",\"url\":\"https:\/\/www.ctengineeringgroup.com\/fr\/conditions-generales-dutilisation\/\",\"name\":\"Conditions g\u00e9n\u00e9rales d\u2019utilisation - The CT Engineering Group\",\"isPartOf\":{\"@id\":\"https:\/\/www.ctengineeringgroup.com\/fr\/#website\"},\"datePublished\":\"2024-08-06T11:33:02+00:00\",\"dateModified\":\"2025-05-26T15:41:27+00:00\",\"breadcrumb\":{\"@id\":\"https:\/\/www.ctengineeringgroup.com\/fr\/conditions-generales-dutilisation\/#breadcrumb\"},\"inLanguage\":\"fr-FR\",\"potentialAction\":[{\"@type\":\"ReadAction\",\"target\":[\"https:\/\/www.ctengineeringgroup.com\/fr\/conditions-generales-dutilisation\/\"]}]},{\"@type\":\"BreadcrumbList\",\"@id\":\"https:\/\/www.ctengineeringgroup.com\/fr\/conditions-generales-dutilisation\/#breadcrumb\",\"itemListElement\":[{\"@type\":\"ListItem\",\"position\":1,\"name\":\"Portada\",\"item\":\"https:\/\/www.ctengineeringgroup.com\/fr\/\"},{\"@type\":\"ListItem\",\"position\":2,\"name\":\"Conditions g\u00e9n\u00e9rales d\u2019utilisation\"}]},{\"@type\":\"WebSite\",\"@id\":\"https:\/\/www.ctengineeringgroup.com\/fr\/#website\",\"url\":\"https:\/\/www.ctengineeringgroup.com\/fr\/\",\"name\":\"CT Engineering Group\",\"description\":\"\",\"publisher\":{\"@id\":\"https:\/\/www.ctengineeringgroup.com\/fr\/#organization\"},\"potentialAction\":[{\"@type\":\"SearchAction\",\"target\":{\"@type\":\"EntryPoint\",\"urlTemplate\":\"https:\/\/www.ctengineeringgroup.com\/fr\/?s={search_term_string}\"},\"query-input\":{\"@type\":\"PropertyValueSpecification\",\"valueRequired\":true,\"valueName\":\"search_term_string\"}}],\"inLanguage\":\"fr-FR\"},{\"@type\":\"Organization\",\"@id\":\"https:\/\/www.ctengineeringgroup.com\/fr\/#organization\",\"name\":\"CT Engineering Group\",\"url\":\"https:\/\/www.ctengineeringgroup.com\/fr\/\",\"logo\":{\"@type\":\"ImageObject\",\"inLanguage\":\"fr-FR\",\"@id\":\"https:\/\/www.ctengineeringgroup.com\/fr\/#\/schema\/logo\/image\/\",\"url\":\"https:\/\/www.ctengineeringgroup.com\/wp-content\/uploads\/2023\/06\/Logo-CT-Solutions-positive-version.png\",\"contentUrl\":\"https:\/\/www.ctengineeringgroup.com\/wp-content\/uploads\/2023\/06\/Logo-CT-Solutions-positive-version.png\",\"width\":1160,\"height\":501,\"caption\":\"CT Engineering Group\"},\"image\":{\"@id\":\"https:\/\/www.ctengineeringgroup.com\/fr\/#\/schema\/logo\/image\/\"},\"sameAs\":[\"https:\/\/www.linkedin.com\/company\/thectengineeringgroup\/\",\"https:\/\/www.youtube.com\/@thectengineeringgroup7161\"]}]}<\/script>\n<!-- \/ Yoast SEO plugin. -->","yoast_head_json":{"title":"Conditions g\u00e9n\u00e9rales d\u2019utilisation - The CT Engineering Group","robots":{"index":"index","follow":"follow","max-snippet":"max-snippet:-1","max-image-preview":"max-image-preview:large","max-video-preview":"max-video-preview:-1"},"canonical":"https:\/\/www.ctengineeringgroup.com\/fr\/conditions-generales-dutilisation\/","og_locale":"fr_FR","og_type":"article","og_title":"Conditions g\u00e9n\u00e9rales d\u2019utilisation - The CT Engineering Group","og_description":"Conditions g\u00e9n\u00e9rales d\u2019utilisation CONSENTEMENT AU TRAITEMENT DES DONN\u00c9ES \u00c0 CARACT\u00c8RE PERSONNEL The CT Engineering Group\u00a0est le RESPONSABLE DU TRAITEMENT des donn\u00e9es personnelles des utilisateurs, et informe l\u2019utilisateur que ses donn\u00e9es seront trait\u00e9es conform\u00e9ment aux dispositions du r\u00e8glement (UE) 2016\/679, du 27 avril (RGDP), et de la loi organique 3\/2018, du 5 d\u00e9cembre (LOPDGDD). Par cons\u00e9quent, l\u2019Utilisateur est inform\u00e9 de ce qui suit par rapport au traitement: Finalit\u00e9s et l\u00e9gitimation du traitement:\u00a0entretenir une relation commerciale (dans l\u2019int\u00e9r\u00eat l\u00e9gitime du responsable du traitement, art. 6.1.f du RGDP) et envoyer des communications concernant ses produits et services (avec le consentement de la personne concern\u00e9e, art. 6.1.a du RGDP). Crit\u00e8res de conservation des donn\u00e9es:\u00a0les donn\u00e9es ne sont conserv\u00e9es que durant le temps n\u00e9cessaire pour atteindre le but du traitement, ou dans les cas pr\u00e9vus par la loi si une obligation de conservation des donn\u00e9es est impos\u00e9e. Lorsque les donn\u00e9es ne sont plus n\u00e9cessaires aux finalit\u00e9s susmentionn\u00e9es, elles sont effac\u00e9es en prenant des mesures de s\u00e9curit\u00e9 ad\u00e9quates garantissant l\u2019anonymisation et la destruction totale des donn\u00e9es. Communication des donn\u00e9es:\u00a0les donn\u00e9es ne sont pas communiqu\u00e9es aux tiers, \u00e0 moins qu\u2019une obligation l\u00e9gale ne l\u2019exige. L\u2019Utilisateur peut exercer les droits suivants: Le droit de retirer son consentement \u00e0 [&hellip;]","og_url":"https:\/\/www.ctengineeringgroup.com\/fr\/conditions-generales-dutilisation\/","og_site_name":"The CT Engineering Group","article_modified_time":"2025-05-26T15:41:27+00:00","twitter_card":"summary_large_image","twitter_misc":{"Dur\u00e9e de lecture estim\u00e9e":"2 minutes"},"schema":{"@context":"https:\/\/schema.org","@graph":[{"@type":"WebPage","@id":"https:\/\/www.ctengineeringgroup.com\/fr\/conditions-generales-dutilisation\/","url":"https:\/\/www.ctengineeringgroup.com\/fr\/conditions-generales-dutilisation\/","name":"Conditions g\u00e9n\u00e9rales d\u2019utilisation - The CT Engineering Group","isPartOf":{"@id":"https:\/\/www.ctengineeringgroup.com\/fr\/#website"},"datePublished":"2024-08-06T11:33:02+00:00","dateModified":"2025-05-26T15:41:27+00:00","breadcrumb":{"@id":"https:\/\/www.ctengineeringgroup.com\/fr\/conditions-generales-dutilisation\/#breadcrumb"},"inLanguage":"fr-FR","potentialAction":[{"@type":"ReadAction","target":["https:\/\/www.ctengineeringgroup.com\/fr\/conditions-generales-dutilisation\/"]}]},{"@type":"BreadcrumbList","@id":"https:\/\/www.ctengineeringgroup.com\/fr\/conditions-generales-dutilisation\/#breadcrumb","itemListElement":[{"@type":"ListItem","position":1,"name":"Portada","item":"https:\/\/www.ctengineeringgroup.com\/fr\/"},{"@type":"ListItem","position":2,"name":"Conditions g\u00e9n\u00e9rales d\u2019utilisation"}]},{"@type":"WebSite","@id":"https:\/\/www.ctengineeringgroup.com\/fr\/#website","url":"https:\/\/www.ctengineeringgroup.com\/fr\/","name":"CT Engineering Group","description":"","publisher":{"@id":"https:\/\/www.ctengineeringgroup.com\/fr\/#organization"},"potentialAction":[{"@type":"SearchAction","target":{"@type":"EntryPoint","urlTemplate":"https:\/\/www.ctengineeringgroup.com\/fr\/?s={search_term_string}"},"query-input":{"@type":"PropertyValueSpecification","valueRequired":true,"valueName":"search_term_string"}}],"inLanguage":"fr-FR"},{"@type":"Organization","@id":"https:\/\/www.ctengineeringgroup.com\/fr\/#organization","name":"CT Engineering Group","url":"https:\/\/www.ctengineeringgroup.com\/fr\/","logo":{"@type":"ImageObject","inLanguage":"fr-FR","@id":"https:\/\/www.ctengineeringgroup.com\/fr\/#\/schema\/logo\/image\/","url":"https:\/\/www.ctengineeringgroup.com\/wp-content\/uploads\/2023\/06\/Logo-CT-Solutions-positive-version.png","contentUrl":"https:\/\/www.ctengineeringgroup.com\/wp-content\/uploads\/2023\/06\/Logo-CT-Solutions-positive-version.png","width":1160,"height":501,"caption":"CT Engineering Group"},"image":{"@id":"https:\/\/www.ctengineeringgroup.com\/fr\/#\/schema\/logo\/image\/"},"sameAs":["https:\/\/www.linkedin.com\/company\/thectengineeringgroup\/","https:\/\/www.youtube.com\/@thectengineeringgroup7161"]}]}},"_links":{"self":[{"href":"https:\/\/www.ctengineeringgroup.com\/fr\/wp-json\/wp\/v2\/pages\/255614","targetHints":{"allow":["GET"]}}],"collection":[{"href":"https:\/\/www.ctengineeringgroup.com\/fr\/wp-json\/wp\/v2\/pages"}],"about":[{"href":"https:\/\/www.ctengineeringgroup.com\/fr\/wp-json\/wp\/v2\/types\/page"}],"author":[{"embeddable":true,"href":"https:\/\/www.ctengineeringgroup.com\/fr\/wp-json\/wp\/v2\/users\/1"}],"replies":[{"embeddable":true,"href":"https:\/\/www.ctengineeringgroup.com\/fr\/wp-json\/wp\/v2\/comments?post=255614"}],"version-history":[{"count":4,"href":"https:\/\/www.ctengineeringgroup.com\/fr\/wp-json\/wp\/v2\/pages\/255614\/revisions"}],"predecessor-version":[{"id":260790,"href":"https:\/\/www.ctengineeringgroup.com\/fr\/wp-json\/wp\/v2\/pages\/255614\/revisions\/260790"}],"wp:attachment":[{"href":"https:\/\/www.ctengineeringgroup.com\/fr\/wp-json\/wp\/v2\/media?parent=255614"}],"curies":[{"name":"wp","href":"https:\/\/api.w.org\/{rel}","templated":true}]}}